{"id":2,"date":"2019-04-09T05:52:26","date_gmt":"2019-04-09T05:52:26","guid":{"rendered":"http:\/\/centrumrealizacyjne.pl\/?page_id=2"},"modified":"2019-05-15T18:28:53","modified_gmt":"2019-05-15T18:28:53","slug":"main-page","status":"publish","type":"page","link":"https:\/\/centrumrealizacyjne.pl\/","title":{"rendered":"Z\u0142ota r\u0105czka &#8211; Warszawa tel. 502-185-827"},"content":{"rendered":"\n<p>Pogotowie domowe<\/p>\n\n\n\n<p>&#8211; Usuwanie usterek, naprawy, przer\u00f3bki, drobne remonty i porady<br> &#8211; Skr\u0119canie, monta\u017c\/demonta\u017c, naprawa mebli, zabudowa kuchni, wieszanie szafek, luster, karniszy, rolet, obraz\u00f3w, p\u00f3\u0142ek, suszarek, telewizor\u00f3w,&nbsp;<br> &#8211; Us\u0142ugi hydrauliczne: monta\u017c\/wymiana\/naprawa armatury (baterie, krany, wylewki, zawory); bia\u0142y monta\u017c: umywalka, wanna, kabina prysznicowa, WC,<br> &#8211; Naprawy elektryczne, monta\u017c i wymiana \u017cyrandoli, punkt\u00f3w \u015bwietlnych, kontakt\u00f3w, oprawek, przeniesienie gniazdek, w\u0142\u0105cznik\u00f3w, wykrywanie oraz naprawa przerw w przewodach<br> &#8211; Pod\u0142\u0105czenie pralek, zmywarek, kuchenek, okap\u00f3w<br> &#8211; Wymiana zamk\u00f3w, klamek, oku\u0107, zawias\u00f3w<br> &#8211; i wiele innych&nbsp;<br> <br> Wystawiam faktur\u0119 VAT.<\/p>\n\n\n\n<p>Podejm\u0119 wsp\u00f3\u0142prac\u0119 z Firmami w zakresie konserwacji\/bie\u017c\u0105cych napraw i obs\u0142ugi awarii\/usterek lokali\/mieszka\u0144\/budynk\u00f3w.<\/p>\n\n\n\n<div class=\"wp-block-button\"><a class=\"wp-block-button__link has-background\" href=\"http:\/\/centrumrealizacyjne.pl\/index.php\/main-page\/uslugi\/\" style=\"background-color:#1b5d00\">Przejd\u017a do Zakresu us\u0142ug &#8211; Cennik<br><\/a><\/div>\n\n\n\n<figure class=\"wp-block-image\"><img decoding=\"async\" loading=\"lazy\" width=\"4429\" height=\"2628\" src=\"http:\/\/centrumrealizacyjne.pl\/wp-content\/uploads\/2019\/04\/neonbrand-357018-unsplash.jpg\" alt=\"\" class=\"wp-image-38\" srcset=\"https:\/\/centrumrealizacyjne.pl\/wp-content\/uploads\/2019\/04\/neonbrand-357018-unsplash.jpg 4429w, https:\/\/centrumrealizacyjne.pl\/wp-content\/uploads\/2019\/04\/neonbrand-357018-unsplash-300x178.jpg 300w, https:\/\/centrumrealizacyjne.pl\/wp-content\/uploads\/2019\/04\/neonbrand-357018-unsplash-768x456.jpg 768w, https:\/\/centrumrealizacyjne.pl\/wp-content\/uploads\/2019\/04\/neonbrand-357018-unsplash-1024x608.jpg 1024w, https:\/\/centrumrealizacyjne.pl\/wp-content\/uploads\/2019\/04\/neonbrand-357018-unsplash-1568x930.jpg 1568w\" sizes=\"(max-width: 4429px) 100vw, 4429px\" \/><\/figure>\n","protected":false},"excerpt":{"rendered":"<p>Pogotowie domowe &#8211; Usuwanie usterek, naprawy, przer\u00f3bki, drobne remonty i porady &#8211; Skr\u0119canie, monta\u017c\/demonta\u017c, naprawa mebli, zabudowa kuchni, wieszanie szafek, luster, karniszy, rolet, obraz\u00f3w, p\u00f3\u0142ek, suszarek, telewizor\u00f3w,&nbsp; &#8211; Us\u0142ugi hydrauliczne: monta\u017c\/wymiana\/naprawa armatury (baterie, krany, wylewki, zawory); bia\u0142y monta\u017c: umywalka, wanna, kabina prysznicowa, WC, &#8211; Naprawy elektryczne, monta\u017c i wymiana \u017cyrandoli, punkt\u00f3w \u015bwietlnych, kontakt\u00f3w, oprawek, przeniesienie &hellip; <\/p>\n<p class=\"link-more\"><a href=\"https:\/\/centrumrealizacyjne.pl\/\" class=\"more-link\">Continue reading<span class=\"screen-reader-text\"> &#8220;Z\u0142ota r\u0105czka &#8211; Warszawa tel. 502-185-827&#8221;<\/span><\/a><\/p>\n","protected":false},"author":1,"featured_media":46,"parent":0,"menu_order":0,"comment_status":"closed","ping_status":"closed","template":"","meta":[],"yoast_head":"<!-- This site is optimized with the Yoast SEO plugin v20.3 - https:\/\/yoast.com\/wordpress\/plugins\/seo\/ -->\n<title>Z\u0142ota r\u0105czka - Warszawa tel. 502-185-827 - Drobne naprawy domowe - Z\u0142ota r\u0105czka - Us\u0142ugi remontowe i monta\u017cowe<\/title>\n<meta name=\"robots\" content=\"index, follow, max-snippet:-1, max-image-preview:large, max-video-preview:-1\" \/>\n<link rel=\"canonical\" href=\"http:\/\/centrumrealizacyjne.pl\/\" \/>\n<meta property=\"og:locale\" content=\"en_US\" \/>\n<meta property=\"og:type\" content=\"article\" \/>\n<meta property=\"og:title\" content=\"Z\u0142ota r\u0105czka - Warszawa tel. 502-185-827 - Drobne naprawy domowe - Z\u0142ota r\u0105czka - Us\u0142ugi remontowe i monta\u017cowe\" \/>\n<meta property=\"og:description\" content=\"Pogotowie domowe &#8211; Usuwanie usterek, naprawy, przer\u00f3bki, drobne remonty i porady &#8211; Skr\u0119canie, monta\u017c\/demonta\u017c, naprawa mebli, zabudowa kuchni, wieszanie szafek, luster, karniszy, rolet, obraz\u00f3w, p\u00f3\u0142ek, suszarek, telewizor\u00f3w,&nbsp; &#8211; Us\u0142ugi hydrauliczne: monta\u017c\/wymiana\/naprawa armatury (baterie, krany, wylewki, zawory); bia\u0142y monta\u017c: umywalka, wanna, kabina prysznicowa, WC, &#8211; Naprawy elektryczne, monta\u017c i wymiana \u017cyrandoli, punkt\u00f3w \u015bwietlnych, kontakt\u00f3w, oprawek, przeniesienie &hellip; Continue reading &quot;Z\u0142ota r\u0105czka &#8211; Warszawa tel. 502-185-827&quot;\" \/>\n<meta property=\"og:url\" content=\"http:\/\/centrumrealizacyjne.pl\/\" \/>\n<meta property=\"og:site_name\" content=\"Drobne naprawy domowe - Z\u0142ota r\u0105czka - Us\u0142ugi remontowe i monta\u017cowe\" \/>\n<meta property=\"article:modified_time\" content=\"2019-05-15T18:28:53+00:00\" \/>\n<meta property=\"og:image\" content=\"http:\/\/centrumrealizacyjne.pl\/wp-content\/uploads\/2019\/04\/jeshoots-com-781789-unsplash-1-1024x683.jpg\" \/>\n\t<meta property=\"og:image:width\" content=\"1024\" \/>\n\t<meta property=\"og:image:height\" content=\"683\" \/>\n\t<meta property=\"og:image:type\" content=\"image\/jpeg\" \/>\n<meta name=\"twitter:card\" content=\"summary_large_image\" \/>\n<meta name=\"twitter:label1\" content=\"Est. reading time\" \/>\n\t<meta name=\"twitter:data1\" content=\"1 minute\" \/>\n<script type=\"application\/ld+json\" class=\"yoast-schema-graph\">{\"@context\":\"https:\/\/schema.org\",\"@graph\":[{\"@type\":\"WebPage\",\"@id\":\"http:\/\/centrumrealizacyjne.pl\/\",\"url\":\"http:\/\/centrumrealizacyjne.pl\/\",\"name\":\"Z\u0142ota r\u0105czka - Warszawa tel. 502-185-827 - Drobne naprawy domowe - Z\u0142ota r\u0105czka - Us\u0142ugi remontowe i monta\u017cowe\",\"isPartOf\":{\"@id\":\"http:\/\/centrumrealizacyjne.pl\/#website\"},\"datePublished\":\"2019-04-09T05:52:26+00:00\",\"dateModified\":\"2019-05-15T18:28:53+00:00\",\"breadcrumb\":{\"@id\":\"http:\/\/centrumrealizacyjne.pl\/#breadcrumb\"},\"inLanguage\":\"en-US\",\"potentialAction\":[{\"@type\":\"ReadAction\",\"target\":[\"http:\/\/centrumrealizacyjne.pl\/\"]}]},{\"@type\":\"BreadcrumbList\",\"@id\":\"http:\/\/centrumrealizacyjne.pl\/#breadcrumb\",\"itemListElement\":[{\"@type\":\"ListItem\",\"position\":1,\"name\":\"Strona g\u0142\u00f3wna\",\"item\":\"http:\/\/centrumrealizacyjne.pl\/\"},{\"@type\":\"ListItem\",\"position\":2,\"name\":\"Z\u0142ota r\u0105czka &#8211; Warszawa tel. 502-185-827\"}]},{\"@type\":\"WebSite\",\"@id\":\"http:\/\/centrumrealizacyjne.pl\/#website\",\"url\":\"http:\/\/centrumrealizacyjne.pl\/\",\"name\":\"Drobne naprawy domowe - Z\u0142ota r\u0105czka - Us\u0142ugi remontowe i monta\u017cowe\",\"description\":\"Us\u0142ugi na Terenie Warszawy i okolic\",\"publisher\":{\"@id\":\"http:\/\/centrumrealizacyjne.pl\/#organization\"},\"potentialAction\":[{\"@type\":\"SearchAction\",\"target\":{\"@type\":\"EntryPoint\",\"urlTemplate\":\"http:\/\/centrumrealizacyjne.pl\/?s={search_term_string}\"},\"query-input\":\"required name=search_term_string\"}],\"inLanguage\":\"en-US\"},{\"@type\":\"Organization\",\"@id\":\"http:\/\/centrumrealizacyjne.pl\/#organization\",\"name\":\"Centrum Realizacyjne\",\"url\":\"http:\/\/centrumrealizacyjne.pl\/\",\"logo\":{\"@type\":\"ImageObject\",\"inLanguage\":\"en-US\",\"@id\":\"http:\/\/centrumrealizacyjne.pl\/#\/schema\/logo\/image\/\",\"url\":\"http:\/\/centrumrealizacyjne.pl\/wp-content\/uploads\/2019\/04\/logo_v1.3.png\",\"contentUrl\":\"http:\/\/centrumrealizacyjne.pl\/wp-content\/uploads\/2019\/04\/logo_v1.3.png\",\"width\":729,\"height\":798,\"caption\":\"Centrum Realizacyjne\"},\"image\":{\"@id\":\"http:\/\/centrumrealizacyjne.pl\/#\/schema\/logo\/image\/\"}}]}<\/script>\n<!-- \/ Yoast SEO plugin. -->","yoast_head_json":{"title":"Z\u0142ota r\u0105czka - Warszawa tel. 502-185-827 - Drobne naprawy domowe - Z\u0142ota r\u0105czka - Us\u0142ugi remontowe i monta\u017cowe","robots":{"index":"index","follow":"follow","max-snippet":"max-snippet:-1","max-image-preview":"max-image-preview:large","max-video-preview":"max-video-preview:-1"},"canonical":"http:\/\/centrumrealizacyjne.pl\/","og_locale":"en_US","og_type":"article","og_title":"Z\u0142ota r\u0105czka - Warszawa tel. 502-185-827 - Drobne naprawy domowe - Z\u0142ota r\u0105czka - Us\u0142ugi remontowe i monta\u017cowe","og_description":"Pogotowie domowe &#8211; Usuwanie usterek, naprawy, przer\u00f3bki, drobne remonty i porady &#8211; Skr\u0119canie, monta\u017c\/demonta\u017c, naprawa mebli, zabudowa kuchni, wieszanie szafek, luster, karniszy, rolet, obraz\u00f3w, p\u00f3\u0142ek, suszarek, telewizor\u00f3w,&nbsp; &#8211; Us\u0142ugi hydrauliczne: monta\u017c\/wymiana\/naprawa armatury (baterie, krany, wylewki, zawory); bia\u0142y monta\u017c: umywalka, wanna, kabina prysznicowa, WC, &#8211; Naprawy elektryczne, monta\u017c i wymiana \u017cyrandoli, punkt\u00f3w \u015bwietlnych, kontakt\u00f3w, oprawek, przeniesienie &hellip; Continue reading \"Z\u0142ota r\u0105czka &#8211; Warszawa tel. 502-185-827\"","og_url":"http:\/\/centrumrealizacyjne.pl\/","og_site_name":"Drobne naprawy domowe - Z\u0142ota r\u0105czka - Us\u0142ugi remontowe i monta\u017cowe","article_modified_time":"2019-05-15T18:28:53+00:00","og_image":[{"width":1024,"height":683,"url":"http:\/\/centrumrealizacyjne.pl\/wp-content\/uploads\/2019\/04\/jeshoots-com-781789-unsplash-1-1024x683.jpg","type":"image\/jpeg"}],"twitter_card":"summary_large_image","twitter_misc":{"Est. reading time":"1 minute"},"schema":{"@context":"https:\/\/schema.org","@graph":[{"@type":"WebPage","@id":"http:\/\/centrumrealizacyjne.pl\/","url":"http:\/\/centrumrealizacyjne.pl\/","name":"Z\u0142ota r\u0105czka - Warszawa tel. 502-185-827 - Drobne naprawy domowe - Z\u0142ota r\u0105czka - Us\u0142ugi remontowe i monta\u017cowe","isPartOf":{"@id":"http:\/\/centrumrealizacyjne.pl\/#website"},"datePublished":"2019-04-09T05:52:26+00:00","dateModified":"2019-05-15T18:28:53+00:00","breadcrumb":{"@id":"http:\/\/centrumrealizacyjne.pl\/#breadcrumb"},"inLanguage":"en-US","potentialAction":[{"@type":"ReadAction","target":["http:\/\/centrumrealizacyjne.pl\/"]}]},{"@type":"BreadcrumbList","@id":"http:\/\/centrumrealizacyjne.pl\/#breadcrumb","itemListElement":[{"@type":"ListItem","position":1,"name":"Strona g\u0142\u00f3wna","item":"http:\/\/centrumrealizacyjne.pl\/"},{"@type":"ListItem","position":2,"name":"Z\u0142ota r\u0105czka &#8211; Warszawa tel. 502-185-827"}]},{"@type":"WebSite","@id":"http:\/\/centrumrealizacyjne.pl\/#website","url":"http:\/\/centrumrealizacyjne.pl\/","name":"Drobne naprawy domowe - Z\u0142ota r\u0105czka - Us\u0142ugi remontowe i monta\u017cowe","description":"Us\u0142ugi na Terenie Warszawy i okolic","publisher":{"@id":"http:\/\/centrumrealizacyjne.pl\/#organization"},"potentialAction":[{"@type":"SearchAction","target":{"@type":"EntryPoint","urlTemplate":"http:\/\/centrumrealizacyjne.pl\/?s={search_term_string}"},"query-input":"required name=search_term_string"}],"inLanguage":"en-US"},{"@type":"Organization","@id":"http:\/\/centrumrealizacyjne.pl\/#organization","name":"Centrum Realizacyjne","url":"http:\/\/centrumrealizacyjne.pl\/","logo":{"@type":"ImageObject","inLanguage":"en-US","@id":"http:\/\/centrumrealizacyjne.pl\/#\/schema\/logo\/image\/","url":"http:\/\/centrumrealizacyjne.pl\/wp-content\/uploads\/2019\/04\/logo_v1.3.png","contentUrl":"http:\/\/centrumrealizacyjne.pl\/wp-content\/uploads\/2019\/04\/logo_v1.3.png","width":729,"height":798,"caption":"Centrum Realizacyjne"},"image":{"@id":"http:\/\/centrumrealizacyjne.pl\/#\/schema\/logo\/image\/"}}]}},"_links":{"self":[{"href":"https:\/\/centrumrealizacyjne.pl\/index.php\/wp-json\/wp\/v2\/pages\/2"}],"collection":[{"href":"https:\/\/centrumrealizacyjne.pl\/index.php\/wp-json\/wp\/v2\/pages"}],"about":[{"href":"https:\/\/centrumrealizacyjne.pl\/index.php\/wp-json\/wp\/v2\/types\/page"}],"author":[{"embeddable":true,"href":"https:\/\/centrumrealizacyjne.pl\/index.php\/wp-json\/wp\/v2\/users\/1"}],"replies":[{"embeddable":true,"href":"https:\/\/centrumrealizacyjne.pl\/index.php\/wp-json\/wp\/v2\/comments?post=2"}],"version-history":[{"count":15,"href":"https:\/\/centrumrealizacyjne.pl\/index.php\/wp-json\/wp\/v2\/pages\/2\/revisions"}],"predecessor-version":[{"id":173,"href":"https:\/\/centrumrealizacyjne.pl\/index.php\/wp-json\/wp\/v2\/pages\/2\/revisions\/173"}],"wp:featuredmedia":[{"embeddable":true,"href":"https:\/\/centrumrealizacyjne.pl\/index.php\/wp-json\/wp\/v2\/media\/46"}],"wp:attachment":[{"href":"https:\/\/centrumrealizacyjne.pl\/index.php\/wp-json\/wp\/v2\/media?parent=2"}],"curies":[{"name":"wp","href":"https:\/\/api.w.org\/{rel}","templated":true}]}}