{"id":136,"date":"2019-05-15T17:15:34","date_gmt":"2019-05-15T17:15:34","guid":{"rendered":"http:\/\/centrumrealizacyjne.pl\/?page_id=136"},"modified":"2019-05-15T18:07:47","modified_gmt":"2019-05-15T18:07:47","slug":"instalacje-wodno-kanalizacyjne-montaz-armatury","status":"publish","type":"page","link":"http:\/\/centrumrealizacyjne.pl\/index.php\/main-page\/uslugi\/instalacje-wodno-kanalizacyjne-montaz-armatury\/","title":{"rendered":"INSTALACJE WODNO-KANALIZACYJNE, MONTA\u017b ARMATURY"},"content":{"rendered":"\n<ul><li>Wykonanie instalacji wodno-kanalizacyjnych \u2013 plastik    90z\u0142 za mb<\/li><li> Wykonanie podej\u015bcia\/ punktu wodno-kanalizacyjnego plastik    100z\u0142 za szt<\/li><li> Wykucie bruzd pod rury    25z\u0142 za mb<\/li><li> Demonta\u017c starej instalacji hydraulicznej metalowej wraz z kuciem    45z\u0142 za mb<\/li><li> Demonta\u017c starych punkt\u00f3w hydraulicznych (wanna, brodzik, umywalka, zlewozmywak)    80z\u0142 za szt<\/li><li> Udro\u017cnienie rur PCV    od 50z\u0142 za szt<\/li><li> Obudowa wanny    od 250z\u0142 za szt<\/li><li> Obudowa brodzika    od 100z\u0142 za szt<\/li><li> Wymiana umywalki    110z\u0142 za szt<\/li><li> Monta\u017c umywalki    70z\u0142 za szt<\/li><li> Wymiana WC, bidetu    150z\u0142 za szt<\/li><li> Monta\u017c WC, bidetu    100z\u0142 za szt<\/li><li> Monta\u017c WC podwieszanego    350z\u0142 za szt<\/li><li> Monta\u017c wann    150z\u0142 za szt<\/li><li> Monta\u017c wanny wraz z bateri\u0105 prysznicow\u0105    200z\u0142 za szt<\/li><li> Monta\u017c wanny z wykonaniem obudowy wanny    350z\u0142 za szt<\/li><li> Monta\u017c kabiny prysznicowej    350z\u0142 za szt<\/li><li> Monta\u017c brodzika    100z\u0142 za szt<\/li><li> Monta\u017c brodzika z kabin\u0105 prysznicow\u0105    350z\u0142 za szt<\/li><li> Monta\u017c brodzika z kabin\u0105 prysznicow\u0105 i bateri\u0105    400z\u0142 za szt<\/li><li> Monta\u017c brodzika z kabin\u0105 prysznicow\u0105, bateri\u0105 i deszczowni\u0105    450z\u0142 za szt<\/li><li> Uszczelnianie sylikonem, od\u015bwie\u017cenie uszczelnie\u0144 silikonowych    10z\u0142 za mb<\/li><li> Monta\u017c deski sedesowej    30z\u0142 za szt<\/li><li> Monta\u017c kranu w umywalce, zlewie lub wannie    50z\u0142 za szt<\/li><li> Monta\u017c ca\u0142ej baterii wannowej    100z\u0142 za szt<\/li><li> Wymiana baterii w zlewie, w umywalce, wannie    70z\u0142 za szt<\/li><li> Monta\u017c panelu prysznicowego    200z\u0142 za szt<\/li><li> Wymiana syfonu    50z\u0142 za szt<\/li><li> Udro\u017cnienie zapchanego syfonu    50z\u0142 za szt<\/li><li> Wymiana zu\u017cytych w\u0119\u017cy wody    30z\u0142 za szt<\/li><li> Wymiana uszczelki w sp\u0142uczce    50z\u0142 za szt<\/li><li> Uszczelnienie kabiny prysznicowej    50z\u0142 za szt<\/li><li> Wymiana uszczelek kabin prysznicowych    100z\u0142 za szt<\/li><li> Uszczelnienie umywalki, zlewu    50z\u0142 za szt<\/li><li> Udro\u017cnienie zapchanego zlewu, umywalki    od 50z\u0142 za szt<\/li><li> Pod\u0142\u0105czenie pralki, zmywarki    50z\u0142 za szt<\/li><li> Monta\u017c zawor\u00f3w    30z\u0142 za szt<\/li><\/ul>\n\n\n\n<div class=\"wp-block-image\"><figure class=\"aligncenter\"><img decoding=\"async\" loading=\"lazy\" width=\"683\" height=\"1024\" src=\"http:\/\/centrumrealizacyjne.pl\/wp-content\/uploads\/2019\/05\/blur-close-up-depth-of-field-1021872-683x1024.jpg\" alt=\"\" class=\"wp-image-137\" srcset=\"http:\/\/centrumrealizacyjne.pl\/wp-content\/uploads\/2019\/05\/blur-close-up-depth-of-field-1021872-683x1024.jpg 683w, http:\/\/centrumrealizacyjne.pl\/wp-content\/uploads\/2019\/05\/blur-close-up-depth-of-field-1021872-200x300.jpg 200w, http:\/\/centrumrealizacyjne.pl\/wp-content\/uploads\/2019\/05\/blur-close-up-depth-of-field-1021872-768x1152.jpg 768w, http:\/\/centrumrealizacyjne.pl\/wp-content\/uploads\/2019\/05\/blur-close-up-depth-of-field-1021872-1568x2352.jpg 1568w\" sizes=\"(max-width: 683px) 100vw, 683px\" \/><\/figure><\/div>\n\n\n\n<div class=\"wp-block-button is-style-outline\"><a class=\"wp-block-button__link has-text-color has-light-gray-color\" href=\"http:\/\/centrumrealizacyjne.pl\/index.php\/main-page\/uslugi\/\">Powr\u00f3t<br><\/a><\/div>\n","protected":false},"excerpt":{"rendered":"<p>Wykonanie instalacji wodno-kanalizacyjnych \u2013 plastik 90z\u0142 za mb Wykonanie podej\u015bcia\/ punktu wodno-kanalizacyjnego plastik 100z\u0142 za szt Wykucie bruzd pod rury 25z\u0142 za mb Demonta\u017c starej instalacji hydraulicznej metalowej wraz z kuciem 45z\u0142 za mb Demonta\u017c starych punkt\u00f3w hydraulicznych (wanna, brodzik, umywalka, zlewozmywak) 80z\u0142 za szt Udro\u017cnienie rur PCV od 50z\u0142 za szt Obudowa wanny od &hellip; <\/p>\n<p class=\"link-more\"><a href=\"http:\/\/centrumrealizacyjne.pl\/index.php\/main-page\/uslugi\/instalacje-wodno-kanalizacyjne-montaz-armatury\/\" class=\"more-link\">Continue reading<span class=\"screen-reader-text\"> &#8220;INSTALACJE WODNO-KANALIZACYJNE, MONTA\u017b ARMATURY&#8221;<\/span><\/a><\/p>\n","protected":false},"author":1,"featured_media":0,"parent":83,"menu_order":2,"comment_status":"closed","ping_status":"closed","template":"","meta":[],"yoast_head":"<!-- This site is optimized with the Yoast SEO plugin v20.3 - https:\/\/yoast.com\/wordpress\/plugins\/seo\/ -->\n<title>INSTALACJE WODNO-KANALIZACYJNE, MONTA\u017b ARMATURY - Drobne naprawy domowe - Z\u0142ota r\u0105czka - Us\u0142ugi remontowe i monta\u017cowe<\/title>\n<meta name=\"robots\" content=\"index, follow, max-snippet:-1, max-image-preview:large, max-video-preview:-1\" \/>\n<link rel=\"canonical\" href=\"http:\/\/centrumrealizacyjne.pl\/index.php\/main-page\/uslugi\/instalacje-wodno-kanalizacyjne-montaz-armatury\/\" \/>\n<meta property=\"og:locale\" content=\"en_US\" \/>\n<meta property=\"og:type\" content=\"article\" \/>\n<meta property=\"og:title\" content=\"INSTALACJE WODNO-KANALIZACYJNE, MONTA\u017b ARMATURY - Drobne naprawy domowe - Z\u0142ota r\u0105czka - Us\u0142ugi remontowe i monta\u017cowe\" \/>\n<meta property=\"og:description\" content=\"Wykonanie instalacji wodno-kanalizacyjnych \u2013 plastik 90z\u0142 za mb Wykonanie podej\u015bcia\/ punktu wodno-kanalizacyjnego plastik 100z\u0142 za szt Wykucie bruzd pod rury 25z\u0142 za mb Demonta\u017c starej instalacji hydraulicznej metalowej wraz z kuciem 45z\u0142 za mb Demonta\u017c starych punkt\u00f3w hydraulicznych (wanna, brodzik, umywalka, zlewozmywak) 80z\u0142 za szt Udro\u017cnienie rur PCV od 50z\u0142 za szt Obudowa wanny od &hellip; Continue reading &quot;INSTALACJE WODNO-KANALIZACYJNE, MONTA\u017b ARMATURY&quot;\" \/>\n<meta property=\"og:url\" content=\"http:\/\/centrumrealizacyjne.pl\/index.php\/main-page\/uslugi\/instalacje-wodno-kanalizacyjne-montaz-armatury\/\" \/>\n<meta property=\"og:site_name\" content=\"Drobne naprawy domowe - Z\u0142ota r\u0105czka - Us\u0142ugi remontowe i monta\u017cowe\" \/>\n<meta property=\"article:modified_time\" content=\"2019-05-15T18:07:47+00:00\" \/>\n<meta property=\"og:image\" content=\"http:\/\/centrumrealizacyjne.pl\/wp-content\/uploads\/2019\/05\/blur-close-up-depth-of-field-1021872-683x1024.jpg\" \/>\n<meta name=\"twitter:card\" content=\"summary_large_image\" \/>\n<meta name=\"twitter:label1\" content=\"Est. reading time\" \/>\n\t<meta name=\"twitter:data1\" content=\"1 minute\" \/>\n<script type=\"application\/ld+json\" class=\"yoast-schema-graph\">{\"@context\":\"https:\/\/schema.org\",\"@graph\":[{\"@type\":\"WebPage\",\"@id\":\"http:\/\/centrumrealizacyjne.pl\/index.php\/main-page\/uslugi\/instalacje-wodno-kanalizacyjne-montaz-armatury\/\",\"url\":\"http:\/\/centrumrealizacyjne.pl\/index.php\/main-page\/uslugi\/instalacje-wodno-kanalizacyjne-montaz-armatury\/\",\"name\":\"INSTALACJE WODNO-KANALIZACYJNE, MONTA\u017b ARMATURY - Drobne naprawy domowe - Z\u0142ota r\u0105czka - Us\u0142ugi remontowe i monta\u017cowe\",\"isPartOf\":{\"@id\":\"https:\/\/centrumrealizacyjne.pl\/#website\"},\"datePublished\":\"2019-05-15T17:15:34+00:00\",\"dateModified\":\"2019-05-15T18:07:47+00:00\",\"breadcrumb\":{\"@id\":\"http:\/\/centrumrealizacyjne.pl\/index.php\/main-page\/uslugi\/instalacje-wodno-kanalizacyjne-montaz-armatury\/#breadcrumb\"},\"inLanguage\":\"en-US\",\"potentialAction\":[{\"@type\":\"ReadAction\",\"target\":[\"http:\/\/centrumrealizacyjne.pl\/index.php\/main-page\/uslugi\/instalacje-wodno-kanalizacyjne-montaz-armatury\/\"]}]},{\"@type\":\"BreadcrumbList\",\"@id\":\"http:\/\/centrumrealizacyjne.pl\/index.php\/main-page\/uslugi\/instalacje-wodno-kanalizacyjne-montaz-armatury\/#breadcrumb\",\"itemListElement\":[{\"@type\":\"ListItem\",\"position\":1,\"name\":\"Strona g\u0142\u00f3wna\",\"item\":\"https:\/\/centrumrealizacyjne.pl\/\"},{\"@type\":\"ListItem\",\"position\":2,\"name\":\"Z\u0142ota r\u0105czka &#8211; Warszawa tel. 502-185-827\",\"item\":\"https:\/\/centrumrealizacyjne.pl\/\"},{\"@type\":\"ListItem\",\"position\":3,\"name\":\"Zakres us\u0142ug &#8211; Cennik\",\"item\":\"https:\/\/centrumrealizacyjne.pl\/index.php\/main-page\/uslugi\/\"},{\"@type\":\"ListItem\",\"position\":4,\"name\":\"INSTALACJE WODNO-KANALIZACYJNE, MONTA\u017b ARMATURY\"}]},{\"@type\":\"WebSite\",\"@id\":\"https:\/\/centrumrealizacyjne.pl\/#website\",\"url\":\"https:\/\/centrumrealizacyjne.pl\/\",\"name\":\"Drobne naprawy domowe - Z\u0142ota r\u0105czka - Us\u0142ugi remontowe i monta\u017cowe\",\"description\":\"Us\u0142ugi na Terenie Warszawy i okolic\",\"publisher\":{\"@id\":\"https:\/\/centrumrealizacyjne.pl\/#organization\"},\"potentialAction\":[{\"@type\":\"SearchAction\",\"target\":{\"@type\":\"EntryPoint\",\"urlTemplate\":\"https:\/\/centrumrealizacyjne.pl\/?s={search_term_string}\"},\"query-input\":\"required name=search_term_string\"}],\"inLanguage\":\"en-US\"},{\"@type\":\"Organization\",\"@id\":\"https:\/\/centrumrealizacyjne.pl\/#organization\",\"name\":\"Centrum Realizacyjne\",\"url\":\"https:\/\/centrumrealizacyjne.pl\/\",\"logo\":{\"@type\":\"ImageObject\",\"inLanguage\":\"en-US\",\"@id\":\"https:\/\/centrumrealizacyjne.pl\/#\/schema\/logo\/image\/\",\"url\":\"http:\/\/centrumrealizacyjne.pl\/wp-content\/uploads\/2019\/04\/logo_v1.3.png\",\"contentUrl\":\"http:\/\/centrumrealizacyjne.pl\/wp-content\/uploads\/2019\/04\/logo_v1.3.png\",\"width\":729,\"height\":798,\"caption\":\"Centrum Realizacyjne\"},\"image\":{\"@id\":\"https:\/\/centrumrealizacyjne.pl\/#\/schema\/logo\/image\/\"}}]}<\/script>\n<!-- \/ Yoast SEO plugin. -->","yoast_head_json":{"title":"INSTALACJE WODNO-KANALIZACYJNE, MONTA\u017b ARMATURY - Drobne naprawy domowe - Z\u0142ota r\u0105czka - Us\u0142ugi remontowe i monta\u017cowe","robots":{"index":"index","follow":"follow","max-snippet":"max-snippet:-1","max-image-preview":"max-image-preview:large","max-video-preview":"max-video-preview:-1"},"canonical":"http:\/\/centrumrealizacyjne.pl\/index.php\/main-page\/uslugi\/instalacje-wodno-kanalizacyjne-montaz-armatury\/","og_locale":"en_US","og_type":"article","og_title":"INSTALACJE WODNO-KANALIZACYJNE, MONTA\u017b ARMATURY - Drobne naprawy domowe - Z\u0142ota r\u0105czka - Us\u0142ugi remontowe i monta\u017cowe","og_description":"Wykonanie instalacji wodno-kanalizacyjnych \u2013 plastik 90z\u0142 za mb Wykonanie podej\u015bcia\/ punktu wodno-kanalizacyjnego plastik 100z\u0142 za szt Wykucie bruzd pod rury 25z\u0142 za mb Demonta\u017c starej instalacji hydraulicznej metalowej wraz z kuciem 45z\u0142 za mb Demonta\u017c starych punkt\u00f3w hydraulicznych (wanna, brodzik, umywalka, zlewozmywak) 80z\u0142 za szt Udro\u017cnienie rur PCV od 50z\u0142 za szt Obudowa wanny od &hellip; Continue reading \"INSTALACJE WODNO-KANALIZACYJNE, MONTA\u017b ARMATURY\"","og_url":"http:\/\/centrumrealizacyjne.pl\/index.php\/main-page\/uslugi\/instalacje-wodno-kanalizacyjne-montaz-armatury\/","og_site_name":"Drobne naprawy domowe - Z\u0142ota r\u0105czka - Us\u0142ugi remontowe i monta\u017cowe","article_modified_time":"2019-05-15T18:07:47+00:00","og_image":[{"url":"http:\/\/centrumrealizacyjne.pl\/wp-content\/uploads\/2019\/05\/blur-close-up-depth-of-field-1021872-683x1024.jpg"}],"twitter_card":"summary_large_image","twitter_misc":{"Est. reading time":"1 minute"},"schema":{"@context":"https:\/\/schema.org","@graph":[{"@type":"WebPage","@id":"http:\/\/centrumrealizacyjne.pl\/index.php\/main-page\/uslugi\/instalacje-wodno-kanalizacyjne-montaz-armatury\/","url":"http:\/\/centrumrealizacyjne.pl\/index.php\/main-page\/uslugi\/instalacje-wodno-kanalizacyjne-montaz-armatury\/","name":"INSTALACJE WODNO-KANALIZACYJNE, MONTA\u017b ARMATURY - Drobne naprawy domowe - Z\u0142ota r\u0105czka - Us\u0142ugi remontowe i monta\u017cowe","isPartOf":{"@id":"https:\/\/centrumrealizacyjne.pl\/#website"},"datePublished":"2019-05-15T17:15:34+00:00","dateModified":"2019-05-15T18:07:47+00:00","breadcrumb":{"@id":"http:\/\/centrumrealizacyjne.pl\/index.php\/main-page\/uslugi\/instalacje-wodno-kanalizacyjne-montaz-armatury\/#breadcrumb"},"inLanguage":"en-US","potentialAction":[{"@type":"ReadAction","target":["http:\/\/centrumrealizacyjne.pl\/index.php\/main-page\/uslugi\/instalacje-wodno-kanalizacyjne-montaz-armatury\/"]}]},{"@type":"BreadcrumbList","@id":"http:\/\/centrumrealizacyjne.pl\/index.php\/main-page\/uslugi\/instalacje-wodno-kanalizacyjne-montaz-armatury\/#breadcrumb","itemListElement":[{"@type":"ListItem","position":1,"name":"Strona g\u0142\u00f3wna","item":"https:\/\/centrumrealizacyjne.pl\/"},{"@type":"ListItem","position":2,"name":"Z\u0142ota r\u0105czka &#8211; Warszawa tel. 502-185-827","item":"https:\/\/centrumrealizacyjne.pl\/"},{"@type":"ListItem","position":3,"name":"Zakres us\u0142ug &#8211; Cennik","item":"https:\/\/centrumrealizacyjne.pl\/index.php\/main-page\/uslugi\/"},{"@type":"ListItem","position":4,"name":"INSTALACJE WODNO-KANALIZACYJNE, MONTA\u017b ARMATURY"}]},{"@type":"WebSite","@id":"https:\/\/centrumrealizacyjne.pl\/#website","url":"https:\/\/centrumrealizacyjne.pl\/","name":"Drobne naprawy domowe - Z\u0142ota r\u0105czka - Us\u0142ugi remontowe i monta\u017cowe","description":"Us\u0142ugi na Terenie Warszawy i okolic","publisher":{"@id":"https:\/\/centrumrealizacyjne.pl\/#organization"},"potentialAction":[{"@type":"SearchAction","target":{"@type":"EntryPoint","urlTemplate":"https:\/\/centrumrealizacyjne.pl\/?s={search_term_string}"},"query-input":"required name=search_term_string"}],"inLanguage":"en-US"},{"@type":"Organization","@id":"https:\/\/centrumrealizacyjne.pl\/#organization","name":"Centrum Realizacyjne","url":"https:\/\/centrumrealizacyjne.pl\/","logo":{"@type":"ImageObject","inLanguage":"en-US","@id":"https:\/\/centrumrealizacyjne.pl\/#\/schema\/logo\/image\/","url":"http:\/\/centrumrealizacyjne.pl\/wp-content\/uploads\/2019\/04\/logo_v1.3.png","contentUrl":"http:\/\/centrumrealizacyjne.pl\/wp-content\/uploads\/2019\/04\/logo_v1.3.png","width":729,"height":798,"caption":"Centrum Realizacyjne"},"image":{"@id":"https:\/\/centrumrealizacyjne.pl\/#\/schema\/logo\/image\/"}}]}},"_links":{"self":[{"href":"http:\/\/centrumrealizacyjne.pl\/index.php\/wp-json\/wp\/v2\/pages\/136"}],"collection":[{"href":"http:\/\/centrumrealizacyjne.pl\/index.php\/wp-json\/wp\/v2\/pages"}],"about":[{"href":"http:\/\/centrumrealizacyjne.pl\/index.php\/wp-json\/wp\/v2\/types\/page"}],"author":[{"embeddable":true,"href":"http:\/\/centrumrealizacyjne.pl\/index.php\/wp-json\/wp\/v2\/users\/1"}],"replies":[{"embeddable":true,"href":"http:\/\/centrumrealizacyjne.pl\/index.php\/wp-json\/wp\/v2\/comments?post=136"}],"version-history":[{"count":3,"href":"http:\/\/centrumrealizacyjne.pl\/index.php\/wp-json\/wp\/v2\/pages\/136\/revisions"}],"predecessor-version":[{"id":159,"href":"http:\/\/centrumrealizacyjne.pl\/index.php\/wp-json\/wp\/v2\/pages\/136\/revisions\/159"}],"up":[{"embeddable":true,"href":"http:\/\/centrumrealizacyjne.pl\/index.php\/wp-json\/wp\/v2\/pages\/83"}],"wp:attachment":[{"href":"http:\/\/centrumrealizacyjne.pl\/index.php\/wp-json\/wp\/v2\/media?parent=136"}],"curies":[{"name":"wp","href":"https:\/\/api.w.org\/{rel}","templated":true}]}}