{"id":133,"date":"2019-05-15T17:07:09","date_gmt":"2019-05-15T17:07:09","guid":{"rendered":"http:\/\/centrumrealizacyjne.pl\/?page_id=133"},"modified":"2019-05-15T18:02:41","modified_gmt":"2019-05-15T18:02:41","slug":"prace-ogolnobudowlane","status":"publish","type":"page","link":"http:\/\/centrumrealizacyjne.pl\/index.php\/main-page\/uslugi\/prace-ogolnobudowlane\/","title":{"rendered":"PRACE OG\u00d3LNOBUDOWLANE"},"content":{"rendered":"\n<ul><li>Monta\u017c parapet\u00f3w wewn\u0119trznych    50z\u0142 za mb<\/li><li> Wylewki\/posadzki mas\u0105 samopoziomuj\u0105ce bez materia\u0142u do 5 cm    20z\u0142 za m2<\/li><li> Wyburzanie \u015bcian z ceg\u0142y do grubo\u015bci 20cm z wyniesieniem ceg\u0142y do kontenera    80z\u0142 za m2<\/li><li> Wkucie rur w \u015bciany z \u017celbetonu, betonu    80z\u0142 za m2<\/li><li> Wkucie rur w \u015bciany z ceg\u0142y    55z\u0142 za m2<\/li><li> Monta\u017c kratek wentylacyjnych    30z\u0142 za szt<\/li><li> Monta\u017c drzwi rewizyjnych    50z\u0142 za szt<\/li><\/ul>\n\n\n\n<div class=\"wp-block-image\"><figure class=\"aligncenter\"><img decoding=\"async\" loading=\"lazy\" width=\"1024\" height=\"683\" src=\"http:\/\/centrumrealizacyjne.pl\/wp-content\/uploads\/2019\/05\/blocks-bricks-brickwall-761142-1024x683.jpg\" alt=\"\" class=\"wp-image-155\" srcset=\"http:\/\/centrumrealizacyjne.pl\/wp-content\/uploads\/2019\/05\/blocks-bricks-brickwall-761142-1024x683.jpg 1024w, http:\/\/centrumrealizacyjne.pl\/wp-content\/uploads\/2019\/05\/blocks-bricks-brickwall-761142-300x200.jpg 300w, http:\/\/centrumrealizacyjne.pl\/wp-content\/uploads\/2019\/05\/blocks-bricks-brickwall-761142-768x512.jpg 768w, http:\/\/centrumrealizacyjne.pl\/wp-content\/uploads\/2019\/05\/blocks-bricks-brickwall-761142-1568x1045.jpg 1568w\" sizes=\"(max-width: 1024px) 100vw, 1024px\" \/><\/figure><\/div>\n\n\n\n<div class=\"wp-block-button is-style-outline\"><a class=\"wp-block-button__link has-text-color has-light-gray-color\" href=\"http:\/\/centrumrealizacyjne.pl\/index.php\/main-page\/uslugi\/\">Powr\u00f3t<br><\/a><\/div>\n","protected":false},"excerpt":{"rendered":"<p>Monta\u017c parapet\u00f3w wewn\u0119trznych 50z\u0142 za mb Wylewki\/posadzki mas\u0105 samopoziomuj\u0105ce bez materia\u0142u do 5 cm 20z\u0142 za m2 Wyburzanie \u015bcian z ceg\u0142y do grubo\u015bci 20cm z wyniesieniem ceg\u0142y do kontenera 80z\u0142 za m2 Wkucie rur w \u015bciany z \u017celbetonu, betonu 80z\u0142 za m2 Wkucie rur w \u015bciany z ceg\u0142y 55z\u0142 za m2 Monta\u017c kratek wentylacyjnych 30z\u0142 &hellip; <\/p>\n<p class=\"link-more\"><a href=\"http:\/\/centrumrealizacyjne.pl\/index.php\/main-page\/uslugi\/prace-ogolnobudowlane\/\" class=\"more-link\">Continue reading<span class=\"screen-reader-text\"> &#8220;PRACE OG\u00d3LNOBUDOWLANE&#8221;<\/span><\/a><\/p>\n","protected":false},"author":1,"featured_media":0,"parent":83,"menu_order":2,"comment_status":"closed","ping_status":"closed","template":"","meta":[],"yoast_head":"<!-- This site is optimized with the Yoast SEO plugin v20.3 - https:\/\/yoast.com\/wordpress\/plugins\/seo\/ -->\n<title>PRACE OG\u00d3LNOBUDOWLANE - Drobne naprawy domowe - Z\u0142ota r\u0105czka - Us\u0142ugi remontowe i monta\u017cowe<\/title>\n<meta name=\"robots\" content=\"index, follow, max-snippet:-1, max-image-preview:large, max-video-preview:-1\" \/>\n<link rel=\"canonical\" href=\"http:\/\/centrumrealizacyjne.pl\/index.php\/main-page\/uslugi\/prace-ogolnobudowlane\/\" \/>\n<meta property=\"og:locale\" content=\"en_US\" \/>\n<meta property=\"og:type\" content=\"article\" \/>\n<meta property=\"og:title\" content=\"PRACE OG\u00d3LNOBUDOWLANE - Drobne naprawy domowe - Z\u0142ota r\u0105czka - Us\u0142ugi remontowe i monta\u017cowe\" \/>\n<meta property=\"og:description\" content=\"Monta\u017c parapet\u00f3w wewn\u0119trznych 50z\u0142 za mb Wylewki\/posadzki mas\u0105 samopoziomuj\u0105ce bez materia\u0142u do 5 cm 20z\u0142 za m2 Wyburzanie \u015bcian z ceg\u0142y do grubo\u015bci 20cm z wyniesieniem ceg\u0142y do kontenera 80z\u0142 za m2 Wkucie rur w \u015bciany z \u017celbetonu, betonu 80z\u0142 za m2 Wkucie rur w \u015bciany z ceg\u0142y 55z\u0142 za m2 Monta\u017c kratek wentylacyjnych 30z\u0142 &hellip; Continue reading &quot;PRACE OG\u00d3LNOBUDOWLANE&quot;\" \/>\n<meta property=\"og:url\" content=\"http:\/\/centrumrealizacyjne.pl\/index.php\/main-page\/uslugi\/prace-ogolnobudowlane\/\" \/>\n<meta property=\"og:site_name\" content=\"Drobne naprawy domowe - Z\u0142ota r\u0105czka - Us\u0142ugi remontowe i monta\u017cowe\" \/>\n<meta property=\"article:modified_time\" content=\"2019-05-15T18:02:41+00:00\" \/>\n<meta property=\"og:image\" content=\"http:\/\/centrumrealizacyjne.pl\/wp-content\/uploads\/2019\/05\/blocks-bricks-brickwall-761142-1024x683.jpg\" \/>\n<meta name=\"twitter:card\" content=\"summary_large_image\" \/>\n<script type=\"application\/ld+json\" class=\"yoast-schema-graph\">{\"@context\":\"https:\/\/schema.org\",\"@graph\":[{\"@type\":\"WebPage\",\"@id\":\"http:\/\/centrumrealizacyjne.pl\/index.php\/main-page\/uslugi\/prace-ogolnobudowlane\/\",\"url\":\"http:\/\/centrumrealizacyjne.pl\/index.php\/main-page\/uslugi\/prace-ogolnobudowlane\/\",\"name\":\"PRACE OG\u00d3LNOBUDOWLANE - Drobne naprawy domowe - Z\u0142ota r\u0105czka - Us\u0142ugi remontowe i monta\u017cowe\",\"isPartOf\":{\"@id\":\"https:\/\/centrumrealizacyjne.pl\/#website\"},\"datePublished\":\"2019-05-15T17:07:09+00:00\",\"dateModified\":\"2019-05-15T18:02:41+00:00\",\"breadcrumb\":{\"@id\":\"http:\/\/centrumrealizacyjne.pl\/index.php\/main-page\/uslugi\/prace-ogolnobudowlane\/#breadcrumb\"},\"inLanguage\":\"en-US\",\"potentialAction\":[{\"@type\":\"ReadAction\",\"target\":[\"http:\/\/centrumrealizacyjne.pl\/index.php\/main-page\/uslugi\/prace-ogolnobudowlane\/\"]}]},{\"@type\":\"BreadcrumbList\",\"@id\":\"http:\/\/centrumrealizacyjne.pl\/index.php\/main-page\/uslugi\/prace-ogolnobudowlane\/#breadcrumb\",\"itemListElement\":[{\"@type\":\"ListItem\",\"position\":1,\"name\":\"Strona g\u0142\u00f3wna\",\"item\":\"https:\/\/centrumrealizacyjne.pl\/\"},{\"@type\":\"ListItem\",\"position\":2,\"name\":\"Z\u0142ota r\u0105czka &#8211; Warszawa tel. 502-185-827\",\"item\":\"https:\/\/centrumrealizacyjne.pl\/\"},{\"@type\":\"ListItem\",\"position\":3,\"name\":\"Zakres us\u0142ug &#8211; Cennik\",\"item\":\"https:\/\/centrumrealizacyjne.pl\/index.php\/main-page\/uslugi\/\"},{\"@type\":\"ListItem\",\"position\":4,\"name\":\"PRACE OG\u00d3LNOBUDOWLANE\"}]},{\"@type\":\"WebSite\",\"@id\":\"https:\/\/centrumrealizacyjne.pl\/#website\",\"url\":\"https:\/\/centrumrealizacyjne.pl\/\",\"name\":\"Drobne naprawy domowe - Z\u0142ota r\u0105czka - Us\u0142ugi remontowe i monta\u017cowe\",\"description\":\"Us\u0142ugi na Terenie Warszawy i okolic\",\"publisher\":{\"@id\":\"https:\/\/centrumrealizacyjne.pl\/#organization\"},\"potentialAction\":[{\"@type\":\"SearchAction\",\"target\":{\"@type\":\"EntryPoint\",\"urlTemplate\":\"https:\/\/centrumrealizacyjne.pl\/?s={search_term_string}\"},\"query-input\":\"required name=search_term_string\"}],\"inLanguage\":\"en-US\"},{\"@type\":\"Organization\",\"@id\":\"https:\/\/centrumrealizacyjne.pl\/#organization\",\"name\":\"Centrum Realizacyjne\",\"url\":\"https:\/\/centrumrealizacyjne.pl\/\",\"logo\":{\"@type\":\"ImageObject\",\"inLanguage\":\"en-US\",\"@id\":\"https:\/\/centrumrealizacyjne.pl\/#\/schema\/logo\/image\/\",\"url\":\"http:\/\/centrumrealizacyjne.pl\/wp-content\/uploads\/2019\/04\/logo_v1.3.png\",\"contentUrl\":\"http:\/\/centrumrealizacyjne.pl\/wp-content\/uploads\/2019\/04\/logo_v1.3.png\",\"width\":729,\"height\":798,\"caption\":\"Centrum Realizacyjne\"},\"image\":{\"@id\":\"https:\/\/centrumrealizacyjne.pl\/#\/schema\/logo\/image\/\"}}]}<\/script>\n<!-- \/ Yoast SEO plugin. -->","yoast_head_json":{"title":"PRACE OG\u00d3LNOBUDOWLANE - Drobne naprawy domowe - Z\u0142ota r\u0105czka - Us\u0142ugi remontowe i monta\u017cowe","robots":{"index":"index","follow":"follow","max-snippet":"max-snippet:-1","max-image-preview":"max-image-preview:large","max-video-preview":"max-video-preview:-1"},"canonical":"http:\/\/centrumrealizacyjne.pl\/index.php\/main-page\/uslugi\/prace-ogolnobudowlane\/","og_locale":"en_US","og_type":"article","og_title":"PRACE OG\u00d3LNOBUDOWLANE - Drobne naprawy domowe - Z\u0142ota r\u0105czka - Us\u0142ugi remontowe i monta\u017cowe","og_description":"Monta\u017c parapet\u00f3w wewn\u0119trznych 50z\u0142 za mb Wylewki\/posadzki mas\u0105 samopoziomuj\u0105ce bez materia\u0142u do 5 cm 20z\u0142 za m2 Wyburzanie \u015bcian z ceg\u0142y do grubo\u015bci 20cm z wyniesieniem ceg\u0142y do kontenera 80z\u0142 za m2 Wkucie rur w \u015bciany z \u017celbetonu, betonu 80z\u0142 za m2 Wkucie rur w \u015bciany z ceg\u0142y 55z\u0142 za m2 Monta\u017c kratek wentylacyjnych 30z\u0142 &hellip; Continue reading \"PRACE OG\u00d3LNOBUDOWLANE\"","og_url":"http:\/\/centrumrealizacyjne.pl\/index.php\/main-page\/uslugi\/prace-ogolnobudowlane\/","og_site_name":"Drobne naprawy domowe - Z\u0142ota r\u0105czka - Us\u0142ugi remontowe i monta\u017cowe","article_modified_time":"2019-05-15T18:02:41+00:00","og_image":[{"url":"http:\/\/centrumrealizacyjne.pl\/wp-content\/uploads\/2019\/05\/blocks-bricks-brickwall-761142-1024x683.jpg"}],"twitter_card":"summary_large_image","schema":{"@context":"https:\/\/schema.org","@graph":[{"@type":"WebPage","@id":"http:\/\/centrumrealizacyjne.pl\/index.php\/main-page\/uslugi\/prace-ogolnobudowlane\/","url":"http:\/\/centrumrealizacyjne.pl\/index.php\/main-page\/uslugi\/prace-ogolnobudowlane\/","name":"PRACE OG\u00d3LNOBUDOWLANE - Drobne naprawy domowe - Z\u0142ota r\u0105czka - Us\u0142ugi remontowe i monta\u017cowe","isPartOf":{"@id":"https:\/\/centrumrealizacyjne.pl\/#website"},"datePublished":"2019-05-15T17:07:09+00:00","dateModified":"2019-05-15T18:02:41+00:00","breadcrumb":{"@id":"http:\/\/centrumrealizacyjne.pl\/index.php\/main-page\/uslugi\/prace-ogolnobudowlane\/#breadcrumb"},"inLanguage":"en-US","potentialAction":[{"@type":"ReadAction","target":["http:\/\/centrumrealizacyjne.pl\/index.php\/main-page\/uslugi\/prace-ogolnobudowlane\/"]}]},{"@type":"BreadcrumbList","@id":"http:\/\/centrumrealizacyjne.pl\/index.php\/main-page\/uslugi\/prace-ogolnobudowlane\/#breadcrumb","itemListElement":[{"@type":"ListItem","position":1,"name":"Strona g\u0142\u00f3wna","item":"https:\/\/centrumrealizacyjne.pl\/"},{"@type":"ListItem","position":2,"name":"Z\u0142ota r\u0105czka &#8211; Warszawa tel. 502-185-827","item":"https:\/\/centrumrealizacyjne.pl\/"},{"@type":"ListItem","position":3,"name":"Zakres us\u0142ug &#8211; Cennik","item":"https:\/\/centrumrealizacyjne.pl\/index.php\/main-page\/uslugi\/"},{"@type":"ListItem","position":4,"name":"PRACE OG\u00d3LNOBUDOWLANE"}]},{"@type":"WebSite","@id":"https:\/\/centrumrealizacyjne.pl\/#website","url":"https:\/\/centrumrealizacyjne.pl\/","name":"Drobne naprawy domowe - Z\u0142ota r\u0105czka - Us\u0142ugi remontowe i monta\u017cowe","description":"Us\u0142ugi na Terenie Warszawy i okolic","publisher":{"@id":"https:\/\/centrumrealizacyjne.pl\/#organization"},"potentialAction":[{"@type":"SearchAction","target":{"@type":"EntryPoint","urlTemplate":"https:\/\/centrumrealizacyjne.pl\/?s={search_term_string}"},"query-input":"required name=search_term_string"}],"inLanguage":"en-US"},{"@type":"Organization","@id":"https:\/\/centrumrealizacyjne.pl\/#organization","name":"Centrum Realizacyjne","url":"https:\/\/centrumrealizacyjne.pl\/","logo":{"@type":"ImageObject","inLanguage":"en-US","@id":"https:\/\/centrumrealizacyjne.pl\/#\/schema\/logo\/image\/","url":"http:\/\/centrumrealizacyjne.pl\/wp-content\/uploads\/2019\/04\/logo_v1.3.png","contentUrl":"http:\/\/centrumrealizacyjne.pl\/wp-content\/uploads\/2019\/04\/logo_v1.3.png","width":729,"height":798,"caption":"Centrum Realizacyjne"},"image":{"@id":"https:\/\/centrumrealizacyjne.pl\/#\/schema\/logo\/image\/"}}]}},"_links":{"self":[{"href":"http:\/\/centrumrealizacyjne.pl\/index.php\/wp-json\/wp\/v2\/pages\/133"}],"collection":[{"href":"http:\/\/centrumrealizacyjne.pl\/index.php\/wp-json\/wp\/v2\/pages"}],"about":[{"href":"http:\/\/centrumrealizacyjne.pl\/index.php\/wp-json\/wp\/v2\/types\/page"}],"author":[{"embeddable":true,"href":"http:\/\/centrumrealizacyjne.pl\/index.php\/wp-json\/wp\/v2\/users\/1"}],"replies":[{"embeddable":true,"href":"http:\/\/centrumrealizacyjne.pl\/index.php\/wp-json\/wp\/v2\/comments?post=133"}],"version-history":[{"count":2,"href":"http:\/\/centrumrealizacyjne.pl\/index.php\/wp-json\/wp\/v2\/pages\/133\/revisions"}],"predecessor-version":[{"id":156,"href":"http:\/\/centrumrealizacyjne.pl\/index.php\/wp-json\/wp\/v2\/pages\/133\/revisions\/156"}],"up":[{"embeddable":true,"href":"http:\/\/centrumrealizacyjne.pl\/index.php\/wp-json\/wp\/v2\/pages\/83"}],"wp:attachment":[{"href":"http:\/\/centrumrealizacyjne.pl\/index.php\/wp-json\/wp\/v2\/media?parent=133"}],"curies":[{"name":"wp","href":"https:\/\/api.w.org\/{rel}","templated":true}]}}