{"id":130,"date":"2019-05-15T17:02:53","date_gmt":"2019-05-15T17:02:53","guid":{"rendered":"http:\/\/centrumrealizacyjne.pl\/?page_id=130"},"modified":"2019-05-17T05:50:28","modified_gmt":"2019-05-17T05:50:28","slug":"sciany-dzialowe-karton-gips-ocieplenie-poddasza-sufity-podwieszane","status":"publish","type":"page","link":"http:\/\/centrumrealizacyjne.pl\/index.php\/main-page\/uslugi\/sciany-dzialowe-karton-gips-ocieplenie-poddasza-sufity-podwieszane\/","title":{"rendered":"\u015aCIANY DZIA\u0141OWE, KARTON-GIPS, OCIEPLENIE PODDASZA, SUFITY PODWIESZANE"},"content":{"rendered":"\n<ul><li>Wyburzenie \u015bcianki dzia\u0142owej   cena do uzgodnienia <\/li><li> Postawienie \u015bcianki dzia\u0142owej na stela\u017cu metalowym z G-K    40z\u0142 za m2<\/li><li> Postawienie \u015bcianki dzia\u0142owej z G-K wraz z wyciszeniem\/ociepleniem we\u0142n\u0105 mineraln\u0105 lub styropianem    55z\u0142 za m2<\/li><li> Zabudowa kabli, rur z p\u0142yt G-K    70-120z\u0142 za mb<\/li><li> Wykonanie p\u0142yt G-K na klej    25z\u0142 za m2<\/li><li> Wykonanie sufitu podwieszanego z G-K na stela\u017cu    55z\u0142 za m2<\/li><li> Wykonanie sufitu podwieszanego G-K w r\u00f3\u017cnych kszta\u0142tach    90z\u0142 za m2<\/li><li> Wykonanie zabudowy nietypowej z G-K \u2013 zarys prostolinijny    80z\u0142 za m2<\/li><li> Wykonanie zabudowy nietypowej z G-K \u2013 elementy \u0142ukowe    110z\u0142 za m2<\/li><li> Szpachlowanie po\u0142\u0105cze\u0144 p\u0142yt G-K    6z\u0142 za mb<\/li><li> Po\u0142o\u017cenie siatki zbroj\u0105cej na p\u0119kni\u0119ciach i zarysowaniach    6z\u0142 za mb<\/li><li> Monta\u017c sztukaterii    20z\u0142 za m2<\/li><li> Monta\u017c kaseton\u00f3w    50z\u0142 za mb<\/li><li> Wymiana boazerii, paneli \u015bciennych    65z\u0142 za m2<\/li><li> Monta\u017c boazerii, paneli \u015bciennych    50z\u0142 za m2<\/li><\/ul>\n\n\n\n<div class=\"wp-block-image\"><figure class=\"aligncenter\"><img decoding=\"async\" loading=\"lazy\" width=\"1024\" height=\"683\" src=\"http:\/\/centrumrealizacyjne.pl\/wp-content\/uploads\/2019\/05\/adult-blur-close-up-1260312-1024x683.jpg\" alt=\"\" class=\"wp-image-131\" srcset=\"http:\/\/centrumrealizacyjne.pl\/wp-content\/uploads\/2019\/05\/adult-blur-close-up-1260312-1024x683.jpg 1024w, http:\/\/centrumrealizacyjne.pl\/wp-content\/uploads\/2019\/05\/adult-blur-close-up-1260312-300x200.jpg 300w, http:\/\/centrumrealizacyjne.pl\/wp-content\/uploads\/2019\/05\/adult-blur-close-up-1260312-768x512.jpg 768w, http:\/\/centrumrealizacyjne.pl\/wp-content\/uploads\/2019\/05\/adult-blur-close-up-1260312-1568x1046.jpg 1568w\" sizes=\"(max-width: 1024px) 100vw, 1024px\" \/><\/figure><\/div>\n\n\n\n<div class=\"wp-block-button is-style-outline\"><a class=\"wp-block-button__link has-text-color has-light-gray-color\" href=\"http:\/\/centrumrealizacyjne.pl\/index.php\/main-page\/uslugi\/\">Powr\u00f3t<br><\/a><\/div>\n","protected":false},"excerpt":{"rendered":"<p>Wyburzenie \u015bcianki dzia\u0142owej cena do uzgodnienia Postawienie \u015bcianki dzia\u0142owej na stela\u017cu metalowym z G-K 40z\u0142 za m2 Postawienie \u015bcianki dzia\u0142owej z G-K wraz z wyciszeniem\/ociepleniem we\u0142n\u0105 mineraln\u0105 lub styropianem 55z\u0142 za m2 Zabudowa kabli, rur z p\u0142yt G-K 70-120z\u0142 za mb Wykonanie p\u0142yt G-K na klej 25z\u0142 za m2 Wykonanie sufitu podwieszanego z G-K na &hellip; <\/p>\n<p class=\"link-more\"><a href=\"http:\/\/centrumrealizacyjne.pl\/index.php\/main-page\/uslugi\/sciany-dzialowe-karton-gips-ocieplenie-poddasza-sufity-podwieszane\/\" class=\"more-link\">Continue reading<span class=\"screen-reader-text\"> &#8220;\u015aCIANY DZIA\u0141OWE, KARTON-GIPS, OCIEPLENIE PODDASZA, SUFITY PODWIESZANE&#8221;<\/span><\/a><\/p>\n","protected":false},"author":1,"featured_media":0,"parent":83,"menu_order":2,"comment_status":"closed","ping_status":"closed","template":"","meta":[],"yoast_head":"<!-- This site is optimized with the Yoast SEO plugin v20.3 - https:\/\/yoast.com\/wordpress\/plugins\/seo\/ -->\n<title>\u015aCIANY DZIA\u0141OWE, KARTON-GIPS, OCIEPLENIE PODDASZA, SUFITY PODWIESZANE - Drobne naprawy domowe - Z\u0142ota r\u0105czka - Us\u0142ugi remontowe i monta\u017cowe<\/title>\n<meta name=\"robots\" content=\"index, follow, max-snippet:-1, max-image-preview:large, max-video-preview:-1\" \/>\n<link rel=\"canonical\" href=\"https:\/\/centrumrealizacyjne.pl\/index.php\/main-page\/uslugi\/sciany-dzialowe-karton-gips-ocieplenie-poddasza-sufity-podwieszane\/\" \/>\n<meta property=\"og:locale\" content=\"en_US\" \/>\n<meta property=\"og:type\" content=\"article\" \/>\n<meta property=\"og:title\" content=\"\u015aCIANY DZIA\u0141OWE, KARTON-GIPS, OCIEPLENIE PODDASZA, SUFITY PODWIESZANE - Drobne naprawy domowe - Z\u0142ota r\u0105czka - Us\u0142ugi remontowe i monta\u017cowe\" \/>\n<meta property=\"og:description\" content=\"Wyburzenie \u015bcianki dzia\u0142owej cena do uzgodnienia Postawienie \u015bcianki dzia\u0142owej na stela\u017cu metalowym z G-K 40z\u0142 za m2 Postawienie \u015bcianki dzia\u0142owej z G-K wraz z wyciszeniem\/ociepleniem we\u0142n\u0105 mineraln\u0105 lub styropianem 55z\u0142 za m2 Zabudowa kabli, rur z p\u0142yt G-K 70-120z\u0142 za mb Wykonanie p\u0142yt G-K na klej 25z\u0142 za m2 Wykonanie sufitu podwieszanego z G-K na &hellip; Continue reading &quot;\u015aCIANY DZIA\u0141OWE, KARTON-GIPS, OCIEPLENIE PODDASZA, SUFITY PODWIESZANE&quot;\" \/>\n<meta property=\"og:url\" content=\"https:\/\/centrumrealizacyjne.pl\/index.php\/main-page\/uslugi\/sciany-dzialowe-karton-gips-ocieplenie-poddasza-sufity-podwieszane\/\" \/>\n<meta property=\"og:site_name\" content=\"Drobne naprawy domowe - Z\u0142ota r\u0105czka - Us\u0142ugi remontowe i monta\u017cowe\" \/>\n<meta property=\"article:modified_time\" content=\"2019-05-17T05:50:28+00:00\" \/>\n<meta property=\"og:image\" content=\"http:\/\/centrumrealizacyjne.pl\/wp-content\/uploads\/2019\/05\/adult-blur-close-up-1260312-1024x683.jpg\" \/>\n<meta name=\"twitter:card\" content=\"summary_large_image\" \/>\n<meta name=\"twitter:label1\" content=\"Est. reading time\" \/>\n\t<meta name=\"twitter:data1\" content=\"1 minute\" \/>\n<script type=\"application\/ld+json\" class=\"yoast-schema-graph\">{\"@context\":\"https:\/\/schema.org\",\"@graph\":[{\"@type\":\"WebPage\",\"@id\":\"https:\/\/centrumrealizacyjne.pl\/index.php\/main-page\/uslugi\/sciany-dzialowe-karton-gips-ocieplenie-poddasza-sufity-podwieszane\/\",\"url\":\"https:\/\/centrumrealizacyjne.pl\/index.php\/main-page\/uslugi\/sciany-dzialowe-karton-gips-ocieplenie-poddasza-sufity-podwieszane\/\",\"name\":\"\u015aCIANY DZIA\u0141OWE, KARTON-GIPS, OCIEPLENIE PODDASZA, SUFITY PODWIESZANE - Drobne naprawy domowe - Z\u0142ota r\u0105czka - Us\u0142ugi remontowe i monta\u017cowe\",\"isPartOf\":{\"@id\":\"https:\/\/centrumrealizacyjne.pl\/#website\"},\"datePublished\":\"2019-05-15T17:02:53+00:00\",\"dateModified\":\"2019-05-17T05:50:28+00:00\",\"breadcrumb\":{\"@id\":\"https:\/\/centrumrealizacyjne.pl\/index.php\/main-page\/uslugi\/sciany-dzialowe-karton-gips-ocieplenie-poddasza-sufity-podwieszane\/#breadcrumb\"},\"inLanguage\":\"en-US\",\"potentialAction\":[{\"@type\":\"ReadAction\",\"target\":[\"https:\/\/centrumrealizacyjne.pl\/index.php\/main-page\/uslugi\/sciany-dzialowe-karton-gips-ocieplenie-poddasza-sufity-podwieszane\/\"]}]},{\"@type\":\"BreadcrumbList\",\"@id\":\"https:\/\/centrumrealizacyjne.pl\/index.php\/main-page\/uslugi\/sciany-dzialowe-karton-gips-ocieplenie-poddasza-sufity-podwieszane\/#breadcrumb\",\"itemListElement\":[{\"@type\":\"ListItem\",\"position\":1,\"name\":\"Strona g\u0142\u00f3wna\",\"item\":\"https:\/\/centrumrealizacyjne.pl\/\"},{\"@type\":\"ListItem\",\"position\":2,\"name\":\"Z\u0142ota r\u0105czka &#8211; Warszawa tel. 502-185-827\",\"item\":\"https:\/\/centrumrealizacyjne.pl\/\"},{\"@type\":\"ListItem\",\"position\":3,\"name\":\"Zakres us\u0142ug &#8211; Cennik\",\"item\":\"https:\/\/centrumrealizacyjne.pl\/index.php\/main-page\/uslugi\/\"},{\"@type\":\"ListItem\",\"position\":4,\"name\":\"\u015aCIANY DZIA\u0141OWE, KARTON-GIPS, OCIEPLENIE PODDASZA, SUFITY PODWIESZANE\"}]},{\"@type\":\"WebSite\",\"@id\":\"https:\/\/centrumrealizacyjne.pl\/#website\",\"url\":\"https:\/\/centrumrealizacyjne.pl\/\",\"name\":\"Drobne naprawy domowe - Z\u0142ota r\u0105czka - Us\u0142ugi remontowe i monta\u017cowe\",\"description\":\"Us\u0142ugi na Terenie Warszawy i okolic\",\"publisher\":{\"@id\":\"https:\/\/centrumrealizacyjne.pl\/#organization\"},\"potentialAction\":[{\"@type\":\"SearchAction\",\"target\":{\"@type\":\"EntryPoint\",\"urlTemplate\":\"https:\/\/centrumrealizacyjne.pl\/?s={search_term_string}\"},\"query-input\":\"required name=search_term_string\"}],\"inLanguage\":\"en-US\"},{\"@type\":\"Organization\",\"@id\":\"https:\/\/centrumrealizacyjne.pl\/#organization\",\"name\":\"Centrum Realizacyjne\",\"url\":\"https:\/\/centrumrealizacyjne.pl\/\",\"logo\":{\"@type\":\"ImageObject\",\"inLanguage\":\"en-US\",\"@id\":\"https:\/\/centrumrealizacyjne.pl\/#\/schema\/logo\/image\/\",\"url\":\"http:\/\/centrumrealizacyjne.pl\/wp-content\/uploads\/2019\/04\/logo_v1.3.png\",\"contentUrl\":\"http:\/\/centrumrealizacyjne.pl\/wp-content\/uploads\/2019\/04\/logo_v1.3.png\",\"width\":729,\"height\":798,\"caption\":\"Centrum Realizacyjne\"},\"image\":{\"@id\":\"https:\/\/centrumrealizacyjne.pl\/#\/schema\/logo\/image\/\"}}]}<\/script>\n<!-- \/ Yoast SEO plugin. -->","yoast_head_json":{"title":"\u015aCIANY DZIA\u0141OWE, KARTON-GIPS, OCIEPLENIE PODDASZA, SUFITY PODWIESZANE - Drobne naprawy domowe - Z\u0142ota r\u0105czka - Us\u0142ugi remontowe i monta\u017cowe","robots":{"index":"index","follow":"follow","max-snippet":"max-snippet:-1","max-image-preview":"max-image-preview:large","max-video-preview":"max-video-preview:-1"},"canonical":"https:\/\/centrumrealizacyjne.pl\/index.php\/main-page\/uslugi\/sciany-dzialowe-karton-gips-ocieplenie-poddasza-sufity-podwieszane\/","og_locale":"en_US","og_type":"article","og_title":"\u015aCIANY DZIA\u0141OWE, KARTON-GIPS, OCIEPLENIE PODDASZA, SUFITY PODWIESZANE - Drobne naprawy domowe - Z\u0142ota r\u0105czka - Us\u0142ugi remontowe i monta\u017cowe","og_description":"Wyburzenie \u015bcianki dzia\u0142owej cena do uzgodnienia Postawienie \u015bcianki dzia\u0142owej na stela\u017cu metalowym z G-K 40z\u0142 za m2 Postawienie \u015bcianki dzia\u0142owej z G-K wraz z wyciszeniem\/ociepleniem we\u0142n\u0105 mineraln\u0105 lub styropianem 55z\u0142 za m2 Zabudowa kabli, rur z p\u0142yt G-K 70-120z\u0142 za mb Wykonanie p\u0142yt G-K na klej 25z\u0142 za m2 Wykonanie sufitu podwieszanego z G-K na &hellip; Continue reading \"\u015aCIANY DZIA\u0141OWE, KARTON-GIPS, OCIEPLENIE PODDASZA, SUFITY PODWIESZANE\"","og_url":"https:\/\/centrumrealizacyjne.pl\/index.php\/main-page\/uslugi\/sciany-dzialowe-karton-gips-ocieplenie-poddasza-sufity-podwieszane\/","og_site_name":"Drobne naprawy domowe - Z\u0142ota r\u0105czka - Us\u0142ugi remontowe i monta\u017cowe","article_modified_time":"2019-05-17T05:50:28+00:00","og_image":[{"url":"http:\/\/centrumrealizacyjne.pl\/wp-content\/uploads\/2019\/05\/adult-blur-close-up-1260312-1024x683.jpg"}],"twitter_card":"summary_large_image","twitter_misc":{"Est. reading time":"1 minute"},"schema":{"@context":"https:\/\/schema.org","@graph":[{"@type":"WebPage","@id":"https:\/\/centrumrealizacyjne.pl\/index.php\/main-page\/uslugi\/sciany-dzialowe-karton-gips-ocieplenie-poddasza-sufity-podwieszane\/","url":"https:\/\/centrumrealizacyjne.pl\/index.php\/main-page\/uslugi\/sciany-dzialowe-karton-gips-ocieplenie-poddasza-sufity-podwieszane\/","name":"\u015aCIANY DZIA\u0141OWE, KARTON-GIPS, OCIEPLENIE PODDASZA, SUFITY PODWIESZANE - Drobne naprawy domowe - Z\u0142ota r\u0105czka - Us\u0142ugi remontowe i monta\u017cowe","isPartOf":{"@id":"https:\/\/centrumrealizacyjne.pl\/#website"},"datePublished":"2019-05-15T17:02:53+00:00","dateModified":"2019-05-17T05:50:28+00:00","breadcrumb":{"@id":"https:\/\/centrumrealizacyjne.pl\/index.php\/main-page\/uslugi\/sciany-dzialowe-karton-gips-ocieplenie-poddasza-sufity-podwieszane\/#breadcrumb"},"inLanguage":"en-US","potentialAction":[{"@type":"ReadAction","target":["https:\/\/centrumrealizacyjne.pl\/index.php\/main-page\/uslugi\/sciany-dzialowe-karton-gips-ocieplenie-poddasza-sufity-podwieszane\/"]}]},{"@type":"BreadcrumbList","@id":"https:\/\/centrumrealizacyjne.pl\/index.php\/main-page\/uslugi\/sciany-dzialowe-karton-gips-ocieplenie-poddasza-sufity-podwieszane\/#breadcrumb","itemListElement":[{"@type":"ListItem","position":1,"name":"Strona g\u0142\u00f3wna","item":"https:\/\/centrumrealizacyjne.pl\/"},{"@type":"ListItem","position":2,"name":"Z\u0142ota r\u0105czka &#8211; Warszawa tel. 502-185-827","item":"https:\/\/centrumrealizacyjne.pl\/"},{"@type":"ListItem","position":3,"name":"Zakres us\u0142ug &#8211; Cennik","item":"https:\/\/centrumrealizacyjne.pl\/index.php\/main-page\/uslugi\/"},{"@type":"ListItem","position":4,"name":"\u015aCIANY DZIA\u0141OWE, KARTON-GIPS, OCIEPLENIE PODDASZA, SUFITY PODWIESZANE"}]},{"@type":"WebSite","@id":"https:\/\/centrumrealizacyjne.pl\/#website","url":"https:\/\/centrumrealizacyjne.pl\/","name":"Drobne naprawy domowe - Z\u0142ota r\u0105czka - Us\u0142ugi remontowe i monta\u017cowe","description":"Us\u0142ugi na Terenie Warszawy i okolic","publisher":{"@id":"https:\/\/centrumrealizacyjne.pl\/#organization"},"potentialAction":[{"@type":"SearchAction","target":{"@type":"EntryPoint","urlTemplate":"https:\/\/centrumrealizacyjne.pl\/?s={search_term_string}"},"query-input":"required name=search_term_string"}],"inLanguage":"en-US"},{"@type":"Organization","@id":"https:\/\/centrumrealizacyjne.pl\/#organization","name":"Centrum Realizacyjne","url":"https:\/\/centrumrealizacyjne.pl\/","logo":{"@type":"ImageObject","inLanguage":"en-US","@id":"https:\/\/centrumrealizacyjne.pl\/#\/schema\/logo\/image\/","url":"http:\/\/centrumrealizacyjne.pl\/wp-content\/uploads\/2019\/04\/logo_v1.3.png","contentUrl":"http:\/\/centrumrealizacyjne.pl\/wp-content\/uploads\/2019\/04\/logo_v1.3.png","width":729,"height":798,"caption":"Centrum Realizacyjne"},"image":{"@id":"https:\/\/centrumrealizacyjne.pl\/#\/schema\/logo\/image\/"}}]}},"_links":{"self":[{"href":"http:\/\/centrumrealizacyjne.pl\/index.php\/wp-json\/wp\/v2\/pages\/130"}],"collection":[{"href":"http:\/\/centrumrealizacyjne.pl\/index.php\/wp-json\/wp\/v2\/pages"}],"about":[{"href":"http:\/\/centrumrealizacyjne.pl\/index.php\/wp-json\/wp\/v2\/types\/page"}],"author":[{"embeddable":true,"href":"http:\/\/centrumrealizacyjne.pl\/index.php\/wp-json\/wp\/v2\/users\/1"}],"replies":[{"embeddable":true,"href":"http:\/\/centrumrealizacyjne.pl\/index.php\/wp-json\/wp\/v2\/comments?post=130"}],"version-history":[{"count":3,"href":"http:\/\/centrumrealizacyjne.pl\/index.php\/wp-json\/wp\/v2\/pages\/130\/revisions"}],"predecessor-version":[{"id":179,"href":"http:\/\/centrumrealizacyjne.pl\/index.php\/wp-json\/wp\/v2\/pages\/130\/revisions\/179"}],"up":[{"embeddable":true,"href":"http:\/\/centrumrealizacyjne.pl\/index.php\/wp-json\/wp\/v2\/pages\/83"}],"wp:attachment":[{"href":"http:\/\/centrumrealizacyjne.pl\/index.php\/wp-json\/wp\/v2\/media?parent=130"}],"curies":[{"name":"wp","href":"https:\/\/api.w.org\/{rel}","templated":true}]}}